{"id":318,"date":"2015-07-19T16:25:03","date_gmt":"2015-07-19T14:25:03","guid":{"rendered":"https:\/\/schallenberg.nl\/cms\/?page_id=318"},"modified":"2023-10-08T19:00:32","modified_gmt":"2023-10-08T17:00:32","slug":"pioenroos","status":"publish","type":"page","link":"https:\/\/schallenberg.nl\/cms\/kunstwerken\/botanisch\/pioenroos\/","title":{"rendered":"Pioenroos"},"content":{"rendered":"\n<p class=\"has-text-align-center has-black-color has-text-color has-medium-font-size\"><strong>Voorbeeld schilderij Huibert Schallenberg<\/strong><\/p>\n\n\n\n<div style=\"height:25px\" aria-hidden=\"true\" class=\"wp-block-spacer\"><\/div>\n\n\n<div class=\"wp-block-image\">\n<figure class=\"aligncenter size-full is-resized\"><img loading=\"lazy\" decoding=\"async\" src=\"https:\/\/schallenberg.nl\/cms\/wp-content\/uploads\/2020\/04\/Pioenroos1Watermerk.jpg\" alt=\"\" class=\"wp-image-5592\" style=\"width:600px;height:468px\" width=\"600\" height=\"468\" srcset=\"https:\/\/schallenberg.nl\/cms\/wp-content\/uploads\/2020\/04\/Pioenroos1Watermerk.jpg 600w, https:\/\/schallenberg.nl\/cms\/wp-content\/uploads\/2020\/04\/Pioenroos1Watermerk-300x234.jpg 300w, https:\/\/schallenberg.nl\/cms\/wp-content\/uploads\/2020\/04\/Pioenroos1Watermerk-230x179.jpg 230w, https:\/\/schallenberg.nl\/cms\/wp-content\/uploads\/2020\/04\/Pioenroos1Watermerk-350x273.jpg 350w, https:\/\/schallenberg.nl\/cms\/wp-content\/uploads\/2020\/04\/Pioenroos1Watermerk-480x374.jpg 480w\" sizes=\"auto, (max-width: 600px) 100vw, 600px\" \/><\/figure>\n<\/div>\n\n\n<div style=\"height:25px\" aria-hidden=\"true\" class=\"wp-block-spacer\"><\/div>\n\n\n\n<p class=\"has-black-color has-text-color has-medium-font-size\"><strong>Pioenroos uit de familie Paeoniaceae<\/strong><\/p>\n\n\n\n<p class=\"has-black-color has-text-color has-medium-font-size\">Pioenroos is een geslacht uit de familie <em><a rel=\"noreferrer noopener\" href=\"https:\/\/nl.wikipedia.org\/wiki\/Paeonia\" target=\"_blank\"><span style=\"text-decoration: underline;\">Paeoniaceae<\/span><\/a><\/em>. De botanische naam <em>Paeonia<\/em> gaat terug op de antieke oudheid. Paieon was de god van de genezing in het Oude Griekenland.<br>De pioenroos houdt van veel zonlicht. Een plaats in de tuin waar minstens vijf uren de zon schijnt is perfect. De grond moet vochthoudend zijn, maar wel goed gedraineerd. Verder heeft de plant voedsel nodig en humus.&nbsp;De pioenroos bloeit in mei en juni met grote bloemen in de kleuren wit, geel, roze of rood. De bloemen zin enkel, half gevuld of gevuld, afhankelijk van de soort.<br>De bloemen zijn geschikt voor snijbloem. Haal niet in \u00e9\u00e9n keer alle bloemen van de plant, maar laat twee \u00e0 drie stengels staan, om als energie opslagplaats te dienen voor de plant. Zet de bloemen in koud water in een vaas.<br>Een groot aantal soorten van dit geslacht wordt gekweekt als tuin- en sierplant. Pioenen worden ook gebruikt als snijbloem.<br>Er bestaan kruidachtige en heesterachtige pioenrozen.<\/p>\n","protected":false},"excerpt":{"rendered":"<p>Voorbeeld schilderij Huibert Schallenberg Pioenroos uit de familie Paeoniaceae Pioenroos is een geslacht uit de familie Paeoniaceae. De botanische naam Paeonia gaat terug op de antieke oudheid. Paieon was de god van de genezing in het Oude Griekenland.De pioenroos houdt van veel zonlicht. Een plaats in de tuin waar minstens vijf uren de zon schijnt [&hellip;]<\/p>\n","protected":false},"author":1,"featured_media":0,"parent":65,"menu_order":25,"comment_status":"closed","ping_status":"closed","template":"","meta":{"footnotes":""},"class_list":["post-318","page","type-page","status-publish","hentry"],"yoast_head":"<!-- This site is optimized with the Yoast SEO plugin v27.5 - https:\/\/yoast.com\/product\/yoast-seo-wordpress\/ -->\n<title>Pioenroos |\u00a0Paieon\u00a0|\u00a0Pioenen\u00a0|\u00a0Paeoniaceae | Roos<\/title>\n<meta name=\"description\" content=\"Pioenroos (Paeonia) is een geslacht uit de familie\u00a0Paeoniaceae. De botanische naam\u00a0Paeonia\u00a0gaat terug op de antieke oudheid.\" \/>\n<meta name=\"robots\" content=\"index, follow, max-snippet:-1, max-image-preview:large, max-video-preview:-1\" \/>\n<link rel=\"canonical\" href=\"https:\/\/schallenberg.nl\/cms\/kunstwerken\/botanisch\/pioenroos\/\" \/>\n<meta property=\"og:locale\" content=\"nl_NL\" \/>\n<meta property=\"og:type\" content=\"article\" \/>\n<meta property=\"og:title\" content=\"Pioenroos |\u00a0Paieon\u00a0|\u00a0Pioenen\u00a0|\u00a0Paeoniaceae | Roos\" \/>\n<meta property=\"og:description\" content=\"Pioenroos (Paeonia) is een geslacht uit de familie\u00a0Paeoniaceae. De botanische naam\u00a0Paeonia\u00a0gaat terug op de antieke oudheid.\" \/>\n<meta property=\"og:url\" content=\"https:\/\/schallenberg.nl\/cms\/kunstwerken\/botanisch\/pioenroos\/\" \/>\n<meta property=\"og:site_name\" content=\"Huibert H Schallenberg\" \/>\n<meta property=\"article:modified_time\" content=\"2023-10-08T17:00:32+00:00\" \/>\n<meta property=\"og:image\" content=\"https:\/\/schallenberg.nl\/cms\/wp-content\/uploads\/2020\/04\/Pioenroos1Watermerk.jpg\" \/>\n<meta name=\"twitter:card\" content=\"summary_large_image\" \/>\n<meta name=\"twitter:label1\" content=\"Geschatte leestijd\" \/>\n\t<meta name=\"twitter:data1\" content=\"2 minuten\" \/>\n<script type=\"application\/ld+json\" class=\"yoast-schema-graph\">{\"@context\":\"https:\\\/\\\/schema.org\",\"@graph\":[{\"@type\":\"WebPage\",\"@id\":\"https:\\\/\\\/schallenberg.nl\\\/cms\\\/kunstwerken\\\/botanisch\\\/pioenroos\\\/\",\"url\":\"https:\\\/\\\/schallenberg.nl\\\/cms\\\/kunstwerken\\\/botanisch\\\/pioenroos\\\/\",\"name\":\"Pioenroos |\u00a0Paieon\u00a0|\u00a0Pioenen\u00a0|\u00a0Paeoniaceae | Roos\",\"isPartOf\":{\"@id\":\"https:\\\/\\\/schallenberg.nl\\\/cms\\\/#website\"},\"primaryImageOfPage\":{\"@id\":\"https:\\\/\\\/schallenberg.nl\\\/cms\\\/kunstwerken\\\/botanisch\\\/pioenroos\\\/#primaryimage\"},\"image\":{\"@id\":\"https:\\\/\\\/schallenberg.nl\\\/cms\\\/kunstwerken\\\/botanisch\\\/pioenroos\\\/#primaryimage\"},\"thumbnailUrl\":\"https:\\\/\\\/schallenberg.nl\\\/cms\\\/wp-content\\\/uploads\\\/2020\\\/04\\\/Pioenroos1Watermerk.jpg\",\"datePublished\":\"2015-07-19T14:25:03+00:00\",\"dateModified\":\"2023-10-08T17:00:32+00:00\",\"description\":\"Pioenroos (Paeonia) is een geslacht uit de familie\u00a0Paeoniaceae. De botanische naam\u00a0Paeonia\u00a0gaat terug op de antieke oudheid.\",\"breadcrumb\":{\"@id\":\"https:\\\/\\\/schallenberg.nl\\\/cms\\\/kunstwerken\\\/botanisch\\\/pioenroos\\\/#breadcrumb\"},\"inLanguage\":\"nl-NL\",\"potentialAction\":[{\"@type\":\"ReadAction\",\"target\":[\"https:\\\/\\\/schallenberg.nl\\\/cms\\\/kunstwerken\\\/botanisch\\\/pioenroos\\\/\"]}]},{\"@type\":\"ImageObject\",\"inLanguage\":\"nl-NL\",\"@id\":\"https:\\\/\\\/schallenberg.nl\\\/cms\\\/kunstwerken\\\/botanisch\\\/pioenroos\\\/#primaryimage\",\"url\":\"https:\\\/\\\/schallenberg.nl\\\/cms\\\/wp-content\\\/uploads\\\/2020\\\/04\\\/Pioenroos1Watermerk.jpg\",\"contentUrl\":\"https:\\\/\\\/schallenberg.nl\\\/cms\\\/wp-content\\\/uploads\\\/2020\\\/04\\\/Pioenroos1Watermerk.jpg\",\"width\":600,\"height\":468},{\"@type\":\"BreadcrumbList\",\"@id\":\"https:\\\/\\\/schallenberg.nl\\\/cms\\\/kunstwerken\\\/botanisch\\\/pioenroos\\\/#breadcrumb\",\"itemListElement\":[{\"@type\":\"ListItem\",\"position\":1,\"name\":\"Home\",\"item\":\"https:\\\/\\\/schallenberg.nl\\\/cms\\\/\"},{\"@type\":\"ListItem\",\"position\":2,\"name\":\"Kunstwerken\",\"item\":\"https:\\\/\\\/schallenberg.nl\\\/cms\\\/kunstwerken\\\/\"},{\"@type\":\"ListItem\",\"position\":3,\"name\":\"Botanisch\",\"item\":\"https:\\\/\\\/schallenberg.nl\\\/cms\\\/kunstwerken\\\/botanisch\\\/\"},{\"@type\":\"ListItem\",\"position\":4,\"name\":\"Pioenroos\"}]},{\"@type\":\"WebSite\",\"@id\":\"https:\\\/\\\/schallenberg.nl\\\/cms\\\/#website\",\"url\":\"https:\\\/\\\/schallenberg.nl\\\/cms\\\/\",\"name\":\"Huibert H Schallenberg\",\"description\":\"Botanisch Schilder\",\"publisher\":{\"@id\":\"https:\\\/\\\/schallenberg.nl\\\/cms\\\/#organization\"},\"potentialAction\":[{\"@type\":\"SearchAction\",\"target\":{\"@type\":\"EntryPoint\",\"urlTemplate\":\"https:\\\/\\\/schallenberg.nl\\\/cms\\\/?s={search_term_string}\"},\"query-input\":{\"@type\":\"PropertyValueSpecification\",\"valueRequired\":true,\"valueName\":\"search_term_string\"}}],\"inLanguage\":\"nl-NL\"},{\"@type\":\"Organization\",\"@id\":\"https:\\\/\\\/schallenberg.nl\\\/cms\\\/#organization\",\"name\":\"Huibert H Schallenberg\",\"url\":\"https:\\\/\\\/schallenberg.nl\\\/cms\\\/\",\"logo\":{\"@type\":\"ImageObject\",\"inLanguage\":\"nl-NL\",\"@id\":\"https:\\\/\\\/schallenberg.nl\\\/cms\\\/#\\\/schema\\\/logo\\\/image\\\/\",\"url\":\"https:\\\/\\\/schallenberg.nl\\\/cms\\\/wp-content\\\/uploads\\\/2021\\\/01\\\/cooltext372908479468162.png\",\"contentUrl\":\"https:\\\/\\\/schallenberg.nl\\\/cms\\\/wp-content\\\/uploads\\\/2021\\\/01\\\/cooltext372908479468162.png\",\"width\":488,\"height\":175,\"caption\":\"Huibert  H Schallenberg\"},\"image\":{\"@id\":\"https:\\\/\\\/schallenberg.nl\\\/cms\\\/#\\\/schema\\\/logo\\\/image\\\/\"}}]}<\/script>\n<!-- \/ Yoast SEO plugin. -->","yoast_head_json":{"title":"Pioenroos |\u00a0Paieon\u00a0|\u00a0Pioenen\u00a0|\u00a0Paeoniaceae | Roos","description":"Pioenroos (Paeonia) is een geslacht uit de familie\u00a0Paeoniaceae. De botanische naam\u00a0Paeonia\u00a0gaat terug op de antieke oudheid.","robots":{"index":"index","follow":"follow","max-snippet":"max-snippet:-1","max-image-preview":"max-image-preview:large","max-video-preview":"max-video-preview:-1"},"canonical":"https:\/\/schallenberg.nl\/cms\/kunstwerken\/botanisch\/pioenroos\/","og_locale":"nl_NL","og_type":"article","og_title":"Pioenroos |\u00a0Paieon\u00a0|\u00a0Pioenen\u00a0|\u00a0Paeoniaceae | Roos","og_description":"Pioenroos (Paeonia) is een geslacht uit de familie\u00a0Paeoniaceae. De botanische naam\u00a0Paeonia\u00a0gaat terug op de antieke oudheid.","og_url":"https:\/\/schallenberg.nl\/cms\/kunstwerken\/botanisch\/pioenroos\/","og_site_name":"Huibert H Schallenberg","article_modified_time":"2023-10-08T17:00:32+00:00","og_image":[{"url":"https:\/\/schallenberg.nl\/cms\/wp-content\/uploads\/2020\/04\/Pioenroos1Watermerk.jpg","type":"","width":"","height":""}],"twitter_card":"summary_large_image","twitter_misc":{"Geschatte leestijd":"2 minuten"},"schema":{"@context":"https:\/\/schema.org","@graph":[{"@type":"WebPage","@id":"https:\/\/schallenberg.nl\/cms\/kunstwerken\/botanisch\/pioenroos\/","url":"https:\/\/schallenberg.nl\/cms\/kunstwerken\/botanisch\/pioenroos\/","name":"Pioenroos |\u00a0Paieon\u00a0|\u00a0Pioenen\u00a0|\u00a0Paeoniaceae | Roos","isPartOf":{"@id":"https:\/\/schallenberg.nl\/cms\/#website"},"primaryImageOfPage":{"@id":"https:\/\/schallenberg.nl\/cms\/kunstwerken\/botanisch\/pioenroos\/#primaryimage"},"image":{"@id":"https:\/\/schallenberg.nl\/cms\/kunstwerken\/botanisch\/pioenroos\/#primaryimage"},"thumbnailUrl":"https:\/\/schallenberg.nl\/cms\/wp-content\/uploads\/2020\/04\/Pioenroos1Watermerk.jpg","datePublished":"2015-07-19T14:25:03+00:00","dateModified":"2023-10-08T17:00:32+00:00","description":"Pioenroos (Paeonia) is een geslacht uit de familie\u00a0Paeoniaceae. De botanische naam\u00a0Paeonia\u00a0gaat terug op de antieke oudheid.","breadcrumb":{"@id":"https:\/\/schallenberg.nl\/cms\/kunstwerken\/botanisch\/pioenroos\/#breadcrumb"},"inLanguage":"nl-NL","potentialAction":[{"@type":"ReadAction","target":["https:\/\/schallenberg.nl\/cms\/kunstwerken\/botanisch\/pioenroos\/"]}]},{"@type":"ImageObject","inLanguage":"nl-NL","@id":"https:\/\/schallenberg.nl\/cms\/kunstwerken\/botanisch\/pioenroos\/#primaryimage","url":"https:\/\/schallenberg.nl\/cms\/wp-content\/uploads\/2020\/04\/Pioenroos1Watermerk.jpg","contentUrl":"https:\/\/schallenberg.nl\/cms\/wp-content\/uploads\/2020\/04\/Pioenroos1Watermerk.jpg","width":600,"height":468},{"@type":"BreadcrumbList","@id":"https:\/\/schallenberg.nl\/cms\/kunstwerken\/botanisch\/pioenroos\/#breadcrumb","itemListElement":[{"@type":"ListItem","position":1,"name":"Home","item":"https:\/\/schallenberg.nl\/cms\/"},{"@type":"ListItem","position":2,"name":"Kunstwerken","item":"https:\/\/schallenberg.nl\/cms\/kunstwerken\/"},{"@type":"ListItem","position":3,"name":"Botanisch","item":"https:\/\/schallenberg.nl\/cms\/kunstwerken\/botanisch\/"},{"@type":"ListItem","position":4,"name":"Pioenroos"}]},{"@type":"WebSite","@id":"https:\/\/schallenberg.nl\/cms\/#website","url":"https:\/\/schallenberg.nl\/cms\/","name":"Huibert H Schallenberg","description":"Botanisch Schilder","publisher":{"@id":"https:\/\/schallenberg.nl\/cms\/#organization"},"potentialAction":[{"@type":"SearchAction","target":{"@type":"EntryPoint","urlTemplate":"https:\/\/schallenberg.nl\/cms\/?s={search_term_string}"},"query-input":{"@type":"PropertyValueSpecification","valueRequired":true,"valueName":"search_term_string"}}],"inLanguage":"nl-NL"},{"@type":"Organization","@id":"https:\/\/schallenberg.nl\/cms\/#organization","name":"Huibert H Schallenberg","url":"https:\/\/schallenberg.nl\/cms\/","logo":{"@type":"ImageObject","inLanguage":"nl-NL","@id":"https:\/\/schallenberg.nl\/cms\/#\/schema\/logo\/image\/","url":"https:\/\/schallenberg.nl\/cms\/wp-content\/uploads\/2021\/01\/cooltext372908479468162.png","contentUrl":"https:\/\/schallenberg.nl\/cms\/wp-content\/uploads\/2021\/01\/cooltext372908479468162.png","width":488,"height":175,"caption":"Huibert  H Schallenberg"},"image":{"@id":"https:\/\/schallenberg.nl\/cms\/#\/schema\/logo\/image\/"}}]}},"_links":{"self":[{"href":"https:\/\/schallenberg.nl\/cms\/wp-json\/wp\/v2\/pages\/318","targetHints":{"allow":["GET"]}}],"collection":[{"href":"https:\/\/schallenberg.nl\/cms\/wp-json\/wp\/v2\/pages"}],"about":[{"href":"https:\/\/schallenberg.nl\/cms\/wp-json\/wp\/v2\/types\/page"}],"author":[{"embeddable":true,"href":"https:\/\/schallenberg.nl\/cms\/wp-json\/wp\/v2\/users\/1"}],"replies":[{"embeddable":true,"href":"https:\/\/schallenberg.nl\/cms\/wp-json\/wp\/v2\/comments?post=318"}],"version-history":[{"count":5,"href":"https:\/\/schallenberg.nl\/cms\/wp-json\/wp\/v2\/pages\/318\/revisions"}],"predecessor-version":[{"id":6285,"href":"https:\/\/schallenberg.nl\/cms\/wp-json\/wp\/v2\/pages\/318\/revisions\/6285"}],"up":[{"embeddable":true,"href":"https:\/\/schallenberg.nl\/cms\/wp-json\/wp\/v2\/pages\/65"}],"wp:attachment":[{"href":"https:\/\/schallenberg.nl\/cms\/wp-json\/wp\/v2\/media?parent=318"}],"curies":[{"name":"wp","href":"https:\/\/api.w.org\/{rel}","templated":true}]}}