{"id":138,"date":"2016-06-01T11:19:23","date_gmt":"2016-06-01T09:19:23","guid":{"rendered":"https:\/\/schallenberg.nl\/cms1\/?page_id=138"},"modified":"2023-05-07T08:58:08","modified_gmt":"2023-05-07T06:58:08","slug":"geheim-leger","status":"publish","type":"page","link":"https:\/\/schallenberg.nl\/cms1\/verzet\/geheim-leger\/","title":{"rendered":"Geheim Leger"},"content":{"rendered":"\n<figure class=\"wp-block-image aligncenter size-medium is-resized\"><img loading=\"lazy\" decoding=\"async\" src=\"https:\/\/schallenberg.nl\/cms1\/wp-content\/uploads\/2020\/03\/GeheimLegerLogo-300x270.gif\" alt=\"\" class=\"wp-image-1206\" width=\"300\" height=\"270\"\/><\/figure>\n\n\n\n<p class=\"has-black-color has-text-color has-medium-font-size\">Het was 16 januari 1941 dat Niek lid werd van het Geheim Leger van de Nederlands- Belgische verzetsbeweging en moest al gauw in zijn eigen woonplaats Dorplein onderduiken. Als lid van de befaamde \u201cWitte Brigade\u201d heeft hij aan veel verzetswerk deelgenomen.<\/p>\n\n\n\n<p class=\"has-black-color has-text-color has-medium-font-size\">Het duurde niet lang voordat de eerste krijgsgevangenen, Joodse landgenoten, geallieerde piloten en andere vogelvrij verklaarden via de sluiproutes hun vrijheid tegemoet gingen. Met behulp van de politie en de plaatselijke bewoners werd Dorplein een van de belangrijkste \u201cdoorlaatposten\u201d. Was het te gevaarlijk om een \u201clading\u201d over te brengen dan vond men altijd wel een schuilplaats in of in de omgeving van Dorplein tot de kust &#8211; in dit geval de grens &#8211; weer veilig was.<\/p>\n\n\n\n<figure class=\"wp-block-image aligncenter size-full is-resized\"><img loading=\"lazy\" decoding=\"async\" src=\"https:\/\/schallenberg.nl\/cms1\/wp-content\/uploads\/2020\/05\/i8.png\" alt=\"\" class=\"wp-image-1489\" width=\"422\" height=\"600\" srcset=\"https:\/\/schallenberg.nl\/cms1\/wp-content\/uploads\/2020\/05\/i8.png 422w, https:\/\/schallenberg.nl\/cms1\/wp-content\/uploads\/2020\/05\/i8-211x300.png 211w, https:\/\/schallenberg.nl\/cms1\/wp-content\/uploads\/2020\/05\/i8-230x327.png 230w, https:\/\/schallenberg.nl\/cms1\/wp-content\/uploads\/2020\/05\/i8-350x498.png 350w\" sizes=\"auto, (max-width: 422px) 100vw, 422px\" \/><\/figure>\n\n\n\n<h4 class=\"wp-block-heading has-black-color has-text-color has-medium-font-size\">Geheim Leger<\/h4>\n\n\n\n<p class=\"has-black-color has-text-color has-medium-font-size\">De belangrijkste organisatie van het gewapend verzet was het Geheim Leger (L&#8217; Arm\u00e9e Secr\u00e8te). Vanaf de capitulatie probeerden de officieren en manschappen van het leger in het geheim opnieuw te organiseren zodat het bij eventuele komst van de geallieerden gereed zou staan om aan de strijd deel te nemen.<\/p>\n\n\n\n<h4 class=\"wp-block-heading has-black-color has-text-color has-medium-font-size\">Charles Claser<\/h4>\n\n\n\n<p class=\"has-black-color has-text-color has-medium-font-size\">Eind 1940 had officier Charles Claser al het Belgische Legioen (L\u00e9gion Belge) gevormd. In 1941 sloot zich daar bij aan het door kolonel Robert Lentz opgerichte Armee de Belgique. De groepen werden samen gesmolten tot het Belgische Legioen onder commando van Claser, Lentz, Andre Boerenboom en Charles van der Putten. Een mobiele reserve stond onder bevel van Jules Bastin. Doel van dit ondergrondse leger was tegen de bezetter activiteiten te ondernemen in de vorm van sabotage- en gewelddadige acties en te proberen de orde te handhaven bij de komst van de geallieerden en het vertrek van de Duitse bezettingstroepen.<\/p>\n\n\n\n<h4 class=\"wp-block-heading has-black-color has-text-color has-medium-font-size\">Belgische Legioen<\/h4>\n\n\n\n<p class=\"has-black-color has-text-color has-medium-font-size\">Het Belgische Legioen was onvoorwaardelijk trouw aan Koning Leopold II. In maart 1942 vertrok Claser via Frankrijk en Spanje naar Londen waar hij steun en richtlijnen bij de Belgische regering in ballingschap wilde halen. Onderweg in Spanje werd hij in de kraag gevat en een tijd gevangen gehouden in het Kamp Miranda de Ebro in de provincie Burgos (noord Spanje).<\/p>\n\n\n\n<figure class=\"wp-block-image aligncenter size-full is-resized\"><img loading=\"lazy\" decoding=\"async\" src=\"https:\/\/schallenberg.nl\/cms1\/wp-content\/uploads\/2020\/05\/i4.png\" alt=\"\" class=\"wp-image-1492\" width=\"387\" height=\"600\" srcset=\"https:\/\/schallenberg.nl\/cms1\/wp-content\/uploads\/2020\/05\/i4.png 387w, https:\/\/schallenberg.nl\/cms1\/wp-content\/uploads\/2020\/05\/i4-194x300.png 194w, https:\/\/schallenberg.nl\/cms1\/wp-content\/uploads\/2020\/05\/i4-230x357.png 230w, https:\/\/schallenberg.nl\/cms1\/wp-content\/uploads\/2020\/05\/i4-350x543.png 350w\" sizes=\"auto, (max-width: 387px) 100vw, 387px\" \/><\/figure>\n\n\n\n<figure class=\"wp-block-image aligncenter size-full is-resized\"><img loading=\"lazy\" decoding=\"async\" src=\"https:\/\/schallenberg.nl\/cms1\/wp-content\/uploads\/2020\/05\/i5.png\" alt=\"\" class=\"wp-image-1491\" width=\"385\" height=\"600\" srcset=\"https:\/\/schallenberg.nl\/cms1\/wp-content\/uploads\/2020\/05\/i5.png 385w, https:\/\/schallenberg.nl\/cms1\/wp-content\/uploads\/2020\/05\/i5-193x300.png 193w, https:\/\/schallenberg.nl\/cms1\/wp-content\/uploads\/2020\/05\/i5-230x358.png 230w, https:\/\/schallenberg.nl\/cms1\/wp-content\/uploads\/2020\/05\/i5-350x545.png 350w\" sizes=\"auto, (max-width: 385px) 100vw, 385px\" \/><\/figure>\n\n\n\n<p class=\"has-black-color has-text-color has-medium-font-size\">Daardoor arriveerde hij pas op 22 juli 1942 in Londen. De Belgische regering die &#8211; uit verklaringen van uitgeweken politici over het Belgische Legioen het beeld had gevormd van een uiterst rechtse beweging die na de bevrijding een sterk regiem wilde vestigen &#8211; reageerde koeltjes. In augustus was Claser terug. Tijdens zijn afwezigheid waren Lentz en van de Putten aangehouden en in november 1942 werd ook Boerenboom door de Duitsers gepakt. Ditzelfde lot trof een maand later ook Claser.<\/p>\n\n\n\n<figure class=\"wp-block-image aligncenter size-full is-resized\"><img loading=\"lazy\" decoding=\"async\" src=\"https:\/\/schallenberg.nl\/cms1\/wp-content\/uploads\/2020\/05\/g1.png\" alt=\"\" class=\"wp-image-1493\" width=\"600\" height=\"411\" srcset=\"https:\/\/schallenberg.nl\/cms1\/wp-content\/uploads\/2020\/05\/g1.png 600w, https:\/\/schallenberg.nl\/cms1\/wp-content\/uploads\/2020\/05\/g1-300x206.png 300w, https:\/\/schallenberg.nl\/cms1\/wp-content\/uploads\/2020\/05\/g1-230x158.png 230w, https:\/\/schallenberg.nl\/cms1\/wp-content\/uploads\/2020\/05\/g1-350x240.png 350w, https:\/\/schallenberg.nl\/cms1\/wp-content\/uploads\/2020\/05\/g1-480x329.png 480w\" sizes=\"auto, (max-width: 600px) 100vw, 600px\" \/><\/figure>\n\n\n\n<figure class=\"wp-block-image aligncenter size-full is-resized\"><img loading=\"lazy\" decoding=\"async\" src=\"https:\/\/schallenberg.nl\/cms1\/wp-content\/uploads\/2020\/05\/g2.png\" alt=\"\" class=\"wp-image-1494\" width=\"600\" height=\"423\" srcset=\"https:\/\/schallenberg.nl\/cms1\/wp-content\/uploads\/2020\/05\/g2.png 600w, https:\/\/schallenberg.nl\/cms1\/wp-content\/uploads\/2020\/05\/g2-300x212.png 300w, https:\/\/schallenberg.nl\/cms1\/wp-content\/uploads\/2020\/05\/g2-230x162.png 230w, https:\/\/schallenberg.nl\/cms1\/wp-content\/uploads\/2020\/05\/g2-350x247.png 350w, https:\/\/schallenberg.nl\/cms1\/wp-content\/uploads\/2020\/05\/g2-480x338.png 480w\" sizes=\"auto, (max-width: 600px) 100vw, 600px\" \/><\/figure>\n\n\n\n<h4 class=\"wp-block-heading has-black-color has-text-color has-medium-font-size\">Jules Bastin<\/h4>\n\n\n\n<p class=\"has-black-color has-text-color has-medium-font-size\">De leiding kwam in handen van Bastin. Na nieuwe contacten met Londen &#8211; waarbij de misverstanden uit de weg werden geruimd &#8211; erkende de Belgische regering op 30 december 1942 Jules Bastin officieel als enige bevelhebber van alle clandestiene militaire organisaties. De naam veranderde van Belgisch Legioen in Leger van Belgi\u00eb (Armee de Belgique).<\/p>\n\n\n\n<p class=\"has-black-color has-text-color has-medium-font-size\">In november 1943 werd Bastin gevangen genomen. In januari 1944 werd generaal Pire bevelhebber en het Leger van Belgi\u00eb werd in juni 1944 herdoopt in Geheim Leger.<\/p>\n\n\n\n<h4 class=\"wp-block-heading has-black-color has-text-color has-medium-font-size\">Generaal Pire<\/h4>\n\n\n\n<p class=\"has-black-color has-text-color has-medium-font-size\">Drievoudige opdracht van het Geheim Leger was: 1. Sabotage en voeren van een guerrilla; 2. Onrust zaaien in de Duitse gelederen; 3. Verlenen van daadwerkelijke hulp aan de geallieerde troepen bij de bevrijding van Belgi\u00eb.<\/p>\n\n\n\n<p class=\"has-black-color has-text-color has-medium-font-size\">Deze laatste kende verschillende aspecten. Zodra contact met de geallieerde legers was gemaakt, ondersteunde het Geheim Leger hun aanvalsplannen door het verstrekken van inlichtingen, het uitroeien van Duitse weerstandsnesten, het geven van flankdekking aan de oprukkende troepen en het leveren van achterhoedegevechten. Ook trachtte het Leger te verhinderen dat de wegtrekkende Duitsers belangrijke installaties zouden vernietigen.<\/p>\n\n\n\n<p class=\"has-black-color has-text-color has-medium-font-size\">Als voorbeeld geldt de rol die het Geheim Leger speelde bij het behoud van de haven van Antwerpen, van eminent belang voor de geallieerden als aanvoerhaven. Vaak werkte het Leger met andere verzetstroepen samen. Dit was ook het geval bij het behoud van de Antwerpse haven. Er was een comit\u00e9 opgericht van vertegenwoordigers van de \u201cWitte Brigade\u201d, groep-G. Onafhankelijkheidsfront, Geheim Leger en 1e Mouvement National Royaliste (MNR, koningsgezinde nationale beweging- en verzetsgroep die vooral actief was in Antwerpen en omgeving). De leiding van deze acties was in handen van de Urbain Reniers, luitenant van het Geheim Leger.<\/p>\n\n\n\n<p class=\"has-black-color has-text-color has-medium-font-size\">Als gevolg van instructies van Eisenhower ging Pire op 15 oktober 1944 over tot demobilisatie van het Geheim Leger. De organisatie telde ca. 54.000 erkende leden waaronder veel beroeps- en oud-militairen, van wie er 1.100 sneuvelden in de gevechten, 350 werden er gefusilleerd en 4.500 omkwamen in concentratiekampen.<\/p>\n\n\n\n<figure class=\"wp-block-image aligncenter size-full is-resized\"><img loading=\"lazy\" decoding=\"async\" src=\"https:\/\/schallenberg.nl\/cms1\/wp-content\/uploads\/2020\/05\/i3.png\" alt=\"\" class=\"wp-image-1495\" width=\"431\" height=\"600\" srcset=\"https:\/\/schallenberg.nl\/cms1\/wp-content\/uploads\/2020\/05\/i3.png 431w, https:\/\/schallenberg.nl\/cms1\/wp-content\/uploads\/2020\/05\/i3-216x300.png 216w, https:\/\/schallenberg.nl\/cms1\/wp-content\/uploads\/2020\/05\/i3-230x320.png 230w, https:\/\/schallenberg.nl\/cms1\/wp-content\/uploads\/2020\/05\/i3-350x487.png 350w\" sizes=\"auto, (max-width: 431px) 100vw, 431px\" \/><\/figure>\n\n\n\n<p class=\"has-black-color has-text-color has-medium-font-size\">Naast zijn lidmaatschap aan het Geheim Leger was Niek tevens lid van de verzetsgroep de \u201c<a href=\"https:\/\/schallenberg.nl\/cms1\/verzet\/witte-brigade\/\"><span style=\"text-decoration: underline;\">Witte Brigade<\/span><\/a>.\u201d<\/p>\n","protected":false},"excerpt":{"rendered":"<p>Het was 16 januari 1941 dat Niek lid werd van het Geheim Leger van de Nederlands- Belgische verzetsbeweging en moest al gauw [&hellip;]<\/p>\n","protected":false},"author":1,"featured_media":0,"parent":129,"menu_order":3,"comment_status":"closed","ping_status":"closed","template":"page-templates\/page_fullwidth.php","meta":{"footnotes":""},"class_list":["post-138","page","type-page","status-publish","hentry"],"yoast_head":"<!-- This site is optimized with the Yoast SEO plugin v27.5 - https:\/\/yoast.com\/product\/yoast-seo-wordpress\/ -->\n<title>Geheim Leger | Arm\u00e9e Secr\u00e8te | L\u00e9gion Belge | Armee de Belgique<\/title>\n<meta name=\"description\" content=\"16 januari 1941 werd Niek lid van het Geheim Leger. Als lid van de befaamde \u201cWitte Brigade\u201d heeft hij aan veel verzetswerk deelgenomen.\" \/>\n<meta name=\"robots\" content=\"index, follow, max-snippet:-1, max-image-preview:large, max-video-preview:-1\" \/>\n<link rel=\"canonical\" href=\"https:\/\/schallenberg.nl\/cms1\/verzet\/geheim-leger\/\" \/>\n<meta property=\"og:locale\" content=\"nl_NL\" \/>\n<meta property=\"og:type\" content=\"article\" \/>\n<meta property=\"og:title\" content=\"Geheim Leger | Arm\u00e9e Secr\u00e8te | L\u00e9gion Belge | Armee de Belgique\" \/>\n<meta property=\"og:description\" content=\"16 januari 1941 werd Niek lid van het Geheim Leger. Als lid van de befaamde \u201cWitte Brigade\u201d heeft hij aan veel verzetswerk deelgenomen.\" \/>\n<meta property=\"og:url\" content=\"https:\/\/schallenberg.nl\/cms1\/verzet\/geheim-leger\/\" \/>\n<meta property=\"og:site_name\" content=\"Niek Schallenberg\" \/>\n<meta property=\"article:modified_time\" content=\"2023-05-07T06:58:08+00:00\" \/>\n<meta property=\"og:image\" content=\"https:\/\/schallenberg.nl\/cms1\/wp-content\/uploads\/2020\/03\/GeheimLegerLogo-300x270.gif\" \/>\n<meta name=\"twitter:card\" content=\"summary_large_image\" \/>\n<meta name=\"twitter:label1\" content=\"Geschatte leestijd\" \/>\n\t<meta name=\"twitter:data1\" content=\"6 minuten\" \/>\n<script type=\"application\/ld+json\" class=\"yoast-schema-graph\">{\"@context\":\"https:\\\/\\\/schema.org\",\"@graph\":[{\"@type\":\"WebPage\",\"@id\":\"https:\\\/\\\/schallenberg.nl\\\/cms1\\\/verzet\\\/geheim-leger\\\/\",\"url\":\"https:\\\/\\\/schallenberg.nl\\\/cms1\\\/verzet\\\/geheim-leger\\\/\",\"name\":\"Geheim Leger | Arm\u00e9e Secr\u00e8te | L\u00e9gion Belge | Armee de Belgique\",\"isPartOf\":{\"@id\":\"https:\\\/\\\/schallenberg.nl\\\/cms1\\\/#website\"},\"primaryImageOfPage\":{\"@id\":\"https:\\\/\\\/schallenberg.nl\\\/cms1\\\/verzet\\\/geheim-leger\\\/#primaryimage\"},\"image\":{\"@id\":\"https:\\\/\\\/schallenberg.nl\\\/cms1\\\/verzet\\\/geheim-leger\\\/#primaryimage\"},\"thumbnailUrl\":\"https:\\\/\\\/schallenberg.nl\\\/cms1\\\/wp-content\\\/uploads\\\/2020\\\/03\\\/GeheimLegerLogo-300x270.gif\",\"datePublished\":\"2016-06-01T09:19:23+00:00\",\"dateModified\":\"2023-05-07T06:58:08+00:00\",\"description\":\"16 januari 1941 werd Niek lid van het Geheim Leger. Als lid van de befaamde \u201cWitte Brigade\u201d heeft hij aan veel verzetswerk deelgenomen.\",\"breadcrumb\":{\"@id\":\"https:\\\/\\\/schallenberg.nl\\\/cms1\\\/verzet\\\/geheim-leger\\\/#breadcrumb\"},\"inLanguage\":\"nl-NL\",\"potentialAction\":[{\"@type\":\"ReadAction\",\"target\":[\"https:\\\/\\\/schallenberg.nl\\\/cms1\\\/verzet\\\/geheim-leger\\\/\"]}]},{\"@type\":\"ImageObject\",\"inLanguage\":\"nl-NL\",\"@id\":\"https:\\\/\\\/schallenberg.nl\\\/cms1\\\/verzet\\\/geheim-leger\\\/#primaryimage\",\"url\":\"https:\\\/\\\/schallenberg.nl\\\/cms1\\\/wp-content\\\/uploads\\\/2020\\\/03\\\/GeheimLegerLogo.gif\",\"contentUrl\":\"https:\\\/\\\/schallenberg.nl\\\/cms1\\\/wp-content\\\/uploads\\\/2020\\\/03\\\/GeheimLegerLogo.gif\",\"width\":512,\"height\":461},{\"@type\":\"BreadcrumbList\",\"@id\":\"https:\\\/\\\/schallenberg.nl\\\/cms1\\\/verzet\\\/geheim-leger\\\/#breadcrumb\",\"itemListElement\":[{\"@type\":\"ListItem\",\"position\":1,\"name\":\"Home\",\"item\":\"https:\\\/\\\/schallenberg.nl\\\/cms1\\\/\"},{\"@type\":\"ListItem\",\"position\":2,\"name\":\"Verzet\",\"item\":\"https:\\\/\\\/schallenberg.nl\\\/cms1\\\/verzet\\\/\"},{\"@type\":\"ListItem\",\"position\":3,\"name\":\"Geheim Leger\"}]},{\"@type\":\"WebSite\",\"@id\":\"https:\\\/\\\/schallenberg.nl\\\/cms1\\\/#website\",\"url\":\"https:\\\/\\\/schallenberg.nl\\\/cms1\\\/\",\"name\":\"Niek Schallenberg\",\"description\":\"Oorlog &amp; Verzet\",\"potentialAction\":[{\"@type\":\"SearchAction\",\"target\":{\"@type\":\"EntryPoint\",\"urlTemplate\":\"https:\\\/\\\/schallenberg.nl\\\/cms1\\\/?s={search_term_string}\"},\"query-input\":{\"@type\":\"PropertyValueSpecification\",\"valueRequired\":true,\"valueName\":\"search_term_string\"}}],\"inLanguage\":\"nl-NL\"}]}<\/script>\n<!-- \/ Yoast SEO plugin. -->","yoast_head_json":{"title":"Geheim Leger | Arm\u00e9e Secr\u00e8te | L\u00e9gion Belge | Armee de Belgique","description":"16 januari 1941 werd Niek lid van het Geheim Leger. Als lid van de befaamde \u201cWitte Brigade\u201d heeft hij aan veel verzetswerk deelgenomen.","robots":{"index":"index","follow":"follow","max-snippet":"max-snippet:-1","max-image-preview":"max-image-preview:large","max-video-preview":"max-video-preview:-1"},"canonical":"https:\/\/schallenberg.nl\/cms1\/verzet\/geheim-leger\/","og_locale":"nl_NL","og_type":"article","og_title":"Geheim Leger | Arm\u00e9e Secr\u00e8te | L\u00e9gion Belge | Armee de Belgique","og_description":"16 januari 1941 werd Niek lid van het Geheim Leger. Als lid van de befaamde \u201cWitte Brigade\u201d heeft hij aan veel verzetswerk deelgenomen.","og_url":"https:\/\/schallenberg.nl\/cms1\/verzet\/geheim-leger\/","og_site_name":"Niek Schallenberg","article_modified_time":"2023-05-07T06:58:08+00:00","og_image":[{"url":"https:\/\/schallenberg.nl\/cms1\/wp-content\/uploads\/2020\/03\/GeheimLegerLogo-300x270.gif","type":"","width":"","height":""}],"twitter_card":"summary_large_image","twitter_misc":{"Geschatte leestijd":"6 minuten"},"schema":{"@context":"https:\/\/schema.org","@graph":[{"@type":"WebPage","@id":"https:\/\/schallenberg.nl\/cms1\/verzet\/geheim-leger\/","url":"https:\/\/schallenberg.nl\/cms1\/verzet\/geheim-leger\/","name":"Geheim Leger | Arm\u00e9e Secr\u00e8te | L\u00e9gion Belge | Armee de Belgique","isPartOf":{"@id":"https:\/\/schallenberg.nl\/cms1\/#website"},"primaryImageOfPage":{"@id":"https:\/\/schallenberg.nl\/cms1\/verzet\/geheim-leger\/#primaryimage"},"image":{"@id":"https:\/\/schallenberg.nl\/cms1\/verzet\/geheim-leger\/#primaryimage"},"thumbnailUrl":"https:\/\/schallenberg.nl\/cms1\/wp-content\/uploads\/2020\/03\/GeheimLegerLogo-300x270.gif","datePublished":"2016-06-01T09:19:23+00:00","dateModified":"2023-05-07T06:58:08+00:00","description":"16 januari 1941 werd Niek lid van het Geheim Leger. Als lid van de befaamde \u201cWitte Brigade\u201d heeft hij aan veel verzetswerk deelgenomen.","breadcrumb":{"@id":"https:\/\/schallenberg.nl\/cms1\/verzet\/geheim-leger\/#breadcrumb"},"inLanguage":"nl-NL","potentialAction":[{"@type":"ReadAction","target":["https:\/\/schallenberg.nl\/cms1\/verzet\/geheim-leger\/"]}]},{"@type":"ImageObject","inLanguage":"nl-NL","@id":"https:\/\/schallenberg.nl\/cms1\/verzet\/geheim-leger\/#primaryimage","url":"https:\/\/schallenberg.nl\/cms1\/wp-content\/uploads\/2020\/03\/GeheimLegerLogo.gif","contentUrl":"https:\/\/schallenberg.nl\/cms1\/wp-content\/uploads\/2020\/03\/GeheimLegerLogo.gif","width":512,"height":461},{"@type":"BreadcrumbList","@id":"https:\/\/schallenberg.nl\/cms1\/verzet\/geheim-leger\/#breadcrumb","itemListElement":[{"@type":"ListItem","position":1,"name":"Home","item":"https:\/\/schallenberg.nl\/cms1\/"},{"@type":"ListItem","position":2,"name":"Verzet","item":"https:\/\/schallenberg.nl\/cms1\/verzet\/"},{"@type":"ListItem","position":3,"name":"Geheim Leger"}]},{"@type":"WebSite","@id":"https:\/\/schallenberg.nl\/cms1\/#website","url":"https:\/\/schallenberg.nl\/cms1\/","name":"Niek Schallenberg","description":"Oorlog &amp; Verzet","potentialAction":[{"@type":"SearchAction","target":{"@type":"EntryPoint","urlTemplate":"https:\/\/schallenberg.nl\/cms1\/?s={search_term_string}"},"query-input":{"@type":"PropertyValueSpecification","valueRequired":true,"valueName":"search_term_string"}}],"inLanguage":"nl-NL"}]}},"_links":{"self":[{"href":"https:\/\/schallenberg.nl\/cms1\/wp-json\/wp\/v2\/pages\/138","targetHints":{"allow":["GET"]}}],"collection":[{"href":"https:\/\/schallenberg.nl\/cms1\/wp-json\/wp\/v2\/pages"}],"about":[{"href":"https:\/\/schallenberg.nl\/cms1\/wp-json\/wp\/v2\/types\/page"}],"author":[{"embeddable":true,"href":"https:\/\/schallenberg.nl\/cms1\/wp-json\/wp\/v2\/users\/1"}],"replies":[{"embeddable":true,"href":"https:\/\/schallenberg.nl\/cms1\/wp-json\/wp\/v2\/comments?post=138"}],"version-history":[{"count":5,"href":"https:\/\/schallenberg.nl\/cms1\/wp-json\/wp\/v2\/pages\/138\/revisions"}],"predecessor-version":[{"id":1699,"href":"https:\/\/schallenberg.nl\/cms1\/wp-json\/wp\/v2\/pages\/138\/revisions\/1699"}],"up":[{"embeddable":true,"href":"https:\/\/schallenberg.nl\/cms1\/wp-json\/wp\/v2\/pages\/129"}],"wp:attachment":[{"href":"https:\/\/schallenberg.nl\/cms1\/wp-json\/wp\/v2\/media?parent=138"}],"curies":[{"name":"wp","href":"https:\/\/api.w.org\/{rel}","templated":true}]}}