{"id":46,"date":"2016-04-04T08:39:01","date_gmt":"2016-04-04T06:39:01","guid":{"rendered":"https:\/\/schallenberg.nl\/cms2\/?page_id=46"},"modified":"2026-04-05T18:54:57","modified_gmt":"2026-04-05T16:54:57","slug":"diabetes","status":"publish","type":"page","link":"https:\/\/schallenberg.nl\/cms2\/homepage\/pedicure\/diabetes\/","title":{"rendered":"Diabetes"},"content":{"rendered":"\n<h3 class=\"wp-block-heading has-text-align-center has-text-color\" style=\"color:#9088b6\"><strong>Diabetes Mellitus en de voeten<\/strong><\/h3>\n\n\n\n<p class=\"has-black-color has-text-color has-link-color has-medium-font-size wp-elements-ab2160ddf5a58161ec54b43a1ec2e0c9\">Wanneer bij diabetes de&nbsp;stofwisseling niet goed werkt door een te hoge bloedsuikerspiegel kunnen er complicaties optreden. De voeten zijn extra gevoelig voor deze complicaties en diabetes.<\/p>\n\n\n\n<ul class=\"wp-block-list has-black-color has-text-color has-link-color has-medium-font-size wp-elements-778f8769f2f46e24e357f9da94062cbc\">\n<li>Het gevoel in de voeten kan minder worden<\/li>\n\n\n\n<li>Wondjes aan de voet kunnen genezen slecht<\/li>\n\n\n\n<li>Er kunnen infecties ontstaan bij de wondjes<\/li>\n\n\n\n<li>Zenuwen en spieren kunnen minder gaan werken waardoor de voet van vorm kan veranderen<\/li>\n\n\n\n<li>Bij vormverandering van de voet kan er eerder eelt ontstaan<\/li>\n<\/ul>\n\n\n\n<p class=\"has-black-color has-text-color has-link-color has-medium-font-size wp-elements-cf8629174d18163c32ae13cfad423e45\">Bij diabetes is het aan te bevelen om de voeten regelmatig te laten verzorgen en controleren door een pedicure. Indien u over een verwijzing van uw huisarts beschikt, kunt u in veel gevallen de nota bij de zorgverzekeraar declareren.<\/p>\n\n\n\n<h5 class=\"wp-block-heading has-black-color has-text-color has-link-color has-medium-font-size wp-elements-401769c2b2ceedf85da87a0cbfa24f7a\"><strong>Pedicure behandeling bij Diabetische voet:<\/strong><\/h5>\n\n\n\n<p class=\"has-black-color has-text-color has-link-color has-medium-font-size wp-elements-5bf4d73f1d8a52533e4abca1d462f6cd\">Bij de eerste behandeling invullen van een screeningslijst en een basis voetbehandeling. Bij vervolgbehandelingen word naast de basis voetbehandeling aan de hand van de screeningslijst gecontroleerd of er veranderingen zijn aan de stand van de voet, de temperatuur en de beweeglijkheid en wordt gelet op wondjes en verkleuringen die extra aandacht verdienen.<\/p>\n\n\n\n<hr class=\"wp-block-separator has-css-opacity\"\/>\n\n\n\n<h5 class=\"wp-block-heading has-black-color has-text-color has-link-color has-medium-font-size wp-elements-5c3930f6897f0458e64504c434e1a48d\"><strong>Simm&#8217;s-Classificatie<\/strong><\/h5>\n\n\n\n<figure class=\"wp-block-image alignright\"><img loading=\"lazy\" decoding=\"async\" width=\"300\" height=\"196\" src=\"https:\/\/schallenberg.nl\/cms2\/wp-content\/uploads\/sites\/2\/2016\/04\/simms.jpg\" alt=\"Diabetes\" class=\"wp-image-294\"\/><\/figure>\n\n\n\n<p class=\"has-black-color has-text-color has-link-color has-medium-font-size wp-elements-a7e0246e7204011a61174671dfe1eedc\">De zorg voor diabetespati\u00ebnten vindt voor een groot deel plaats in de eerste lijn. Hiermee bedoelen we de huisartsenzorg. Dit is de zorg waarvan u zonder verwijzing en op eigen initiatief gebruik kunt maken. De huisarts fungeert hier vaak als een soort poortwachter naar de (meer) specialistische tweede lijn zorg.<\/p>\n\n\n\n<p class=\"has-black-color has-text-color has-link-color has-medium-font-size wp-elements-e0b64131c2142c9291c260d89d1e3a25\">Uit wetenschappelijk onderzoek blijkt dat \u00e9\u00e9n op de vier diabetespati\u00ebnten vroeg of laat te maken krijgt met voetproblemen. Dit komt door veranderingen die kunnen optreden in de doorbloeding, aan de zenuwen en in de beweeglijkheid van de gewrichten.<\/p>\n\n\n\n<p class=\"has-black-color has-text-color has-link-color has-medium-font-size wp-elements-4ba091ea17f69004728993057f5c758c\">Als het gaat om voetzorg bij diabetespati\u00ebnten kunnen de volgende betrokken zorgverleners in de eerste lijn worden onderscheiden:<\/p>\n\n\n\n<ul class=\"wp-block-list has-black-color has-text-color has-link-color has-medium-font-size wp-elements-50912cd43d83181678088ff9ef9009c8\">\n<li>Huisarts<\/li>\n\n\n\n<li>Praktijkondersteuner\/diabetesverpleegkundige<\/li>\n\n\n\n<li>Podotherapeut<\/li>\n\n\n\n<li>Pedicure met aantekening diabetische voet<\/li>\n\n\n\n<li>Medisch pedicure<\/li>\n\n\n\n<li>Diabetes podotherapeut<\/li>\n<\/ul>\n\n\n\n<p class=\"has-black-color has-text-color has-link-color has-medium-font-size wp-elements-20066d8f7ec340d49a4ce2a76f690fc9\">Voor het bepalen van de frequentie van de controle&nbsp; wordt gebruik gemaakt van een risicoclassificatie, genaamd de Simm\u2019s classificatie. Om deze classificatie vast te stellen zal de zorgverlener de voeten screenen.<\/p>\n\n\n\n<p class=\"has-black-color has-text-color has-link-color has-medium-font-size wp-elements-f99bdf8a8972726619d4acc1fe793d85\">De huisarts voert in tachtig procent van de&nbsp; gevallen de regie en draagt ook de verantwoordelijkheid, wanneer het gaat om de organisatie rondom&nbsp; diabeteszorg type 2.&nbsp; De jaarlijkse voetcontrole, inclusief de screening op risicofactoren, wordt eens per jaar in de huisartsenpraktijk uitgevoerd, meestal door de praktijkondersteuner.&nbsp; Indien er afwijkingen geconstateerd worden en de huisartsenpraktijk moet doorverwijzen voor voetzorg, wordt gewerkt&nbsp; aan de hand van een overzichtelijk schema:<\/p>\n\n\n\n<figure class=\"wp-block-image aligncenter\"><img loading=\"lazy\" decoding=\"async\" width=\"636\" height=\"283\" src=\"https:\/\/schallenberg.nl\/cms2\/wp-content\/uploads\/sites\/2\/2016\/04\/simmsSchema.jpg\" alt=\"Diabetes\" class=\"wp-image-608\" srcset=\"https:\/\/schallenberg.nl\/cms2\/wp-content\/uploads\/sites\/2\/2016\/04\/simmsSchema.jpg 636w, https:\/\/schallenberg.nl\/cms2\/wp-content\/uploads\/sites\/2\/2016\/04\/simmsSchema-300x133.jpg 300w\" sizes=\"auto, (max-width: 636px) 100vw, 636px\" \/><\/figure>\n\n\n\n<p class=\"has-black-color has-text-color has-link-color has-medium-font-size wp-elements-cd721e9d9b0d4c827b57471703b4c725\">*PS: protectieve sensibiliteit<br>**PAV: Perifeer Arterieel Vaatlijden<\/p>\n\n\n\n<p class=\"has-black-color has-text-color has-link-color has-medium-font-size wp-elements-114261e7f67bcbdf528261be76ed064c\">Krijgt u een Simm&#8217;s classificatie 0 dan houdt dit in dat u in de meeste gevallen de kosten zelf betaalt.<\/p>\n\n\n\n<hr class=\"wp-block-separator has-css-opacity\"\/>\n\n\n\n<p class=\"has-black-color has-text-color has-link-color has-medium-font-size wp-elements-6962ceee71381b6c0068a644b99ef832\"><strong>Tegenover de verschillende Simm&#8217;s Classificaties staan verschillende Zorgprofielen:<\/strong><\/p>\n\n\n\n<p class=\"has-black-color has-text-color has-link-color has-medium-font-size wp-elements-5b4a45c07f0baaaa4a9a3467f697cb84\"><strong>Zorgprofiel 1<\/strong><\/p>\n\n\n\n<ul class=\"wp-block-list has-black-color has-text-color has-link-color has-medium-font-size wp-elements-3a30bfede242e46ee06a00c95075cdc3\">\n<li>Verlies PS of PAV<\/li>\n\n\n\n<li>Bestaat uit:\n<ul class=\"wp-block-list\">\n<li>1x per jaar screening bij DV of MP, ter controle op risicofactoren. Uitkomst wordt gerapporteerd aan de huisarts<\/li>\n\n\n\n<li>Instrumentele behandeling t.b.v. voetverzorging 8x per jaar (1x in 6\/7 weken)<\/li>\n\n\n\n<li>Tijdens onderzoek\/controle vindt educatie plaats en stimulering van zelfmanagement om wondjes te voorkomen en risicofactoren te verminderen<\/li>\n<\/ul>\n<\/li>\n\n\n\n<li class=\"has-black-color has-text-color has-link-color has-medium-font-size wp-elements-dab25cb15739072d0305d42f6e5392bd\">Doel:\n<ul class=\"wp-block-list\">\n<li>Vroege diagnostiek ter voorkoming van wonden<\/li>\n\n\n\n<li>Indicatiestelling preventieve voetzorg<\/li>\n\n\n\n<li>Juiste voetzorg ter voorkoming van wonden<\/li>\n\n\n\n<li>Podotherapeut wordt indien nodig geconsulteerd door DV\/MD<\/li>\n<\/ul>\n<\/li>\n<\/ul>\n\n\n\n<p><strong>Zorgprofiel 2<\/strong><\/p>\n\n\n\n<ul class=\"wp-block-list has-black-color has-text-color has-link-color has-medium-font-size wp-elements-c2eaab83feeb8feef184621ab668db3d\">\n<li>Verlies PS in combinatie met PAV zonder tekenen van verhoogde druk<\/li>\n\n\n\n<li>Bestaat uit:\n<ul class=\"wp-block-list\">\n<li>1x per jaar voetonderzoek bij podotherapeut, waarbij de oorzaak van risicofactoren wordt achterhaald en een behandelplan opgesteld<\/li>\n\n\n\n<li>1x per jaar podotherapeutische controle, waarbij de uitkomst van het behandelplan wordt ge\u00ebvalueerd en eventueel bijgesteld<\/li>\n\n\n\n<li>Instrumentele behandeling t.b.v. voetverzorging 8x per jaar (1x 6\/7 weken)<\/li>\n\n\n\n<li>Tijdens instrumentele behandeling zal indien nodig screening worden verricht op (nieuwe) risicofactoren. Ook aandacht voor educatie en stimuleren zelfmanagement om wondjes te voorkomen en risicofactoren te verminderen<\/li>\n<\/ul>\n<\/li>\n\n\n\n<li>Doel:\n<ul class=\"wp-block-list\">\n<li>Vroege diagnostiek ter voorkoming van wonden<\/li>\n\n\n\n<li>Indicatiestelling preventieve voetzorg<\/li>\n\n\n\n<li>Juiste voetzorg ter voorkoming van wonden<\/li>\n\n\n\n<li>Podotherapeut stelt het behandelplan op en voert deze uit<\/li>\n\n\n\n<li>Voetzorg kan worden gedelegeerd naar DV\/MP<\/li>\n\n\n\n<li>Screening wordt in overleg uitgevoerd<\/li>\n<\/ul>\n<\/li>\n<\/ul>\n\n\n\n<p class=\"has-black-color has-text-color has-link-color has-medium-font-size wp-elements-8e0e4c17785292593c54d7ef0c5e9d01\"><strong>Zorgprofiel 3<\/strong><\/p>\n\n\n\n<ul class=\"wp-block-list\">\n<li class=\"has-black-color has-text-color has-link-color has-medium-font-size wp-elements-b6d0323239c06cb0718f19576d7bd139\">Verlies PS met tekenen van verhoogde druk of verlies PS en PAV en tekenen van verhoogde druk<\/li>\n\n\n\n<li class=\"has-black-color has-text-color has-link-color has-medium-font-size wp-elements-2e781e0f380b562d9a23881c36540fdb\">Bestaat uit:\n<ul class=\"wp-block-list has-black-color has-text-color has-link-color has-medium-font-size wp-elements-417e952864465c69875854771d2ef0b6\">\n<li>1x per jaar voetonderzoek bij podotherapeut, waarbij de oorzaak van risicofactoren wordt achterhaald en een behandelplan opgesteld<\/li>\n\n\n\n<li>Toepassen van podotherapeutische therapie of therapie\u00ebn<\/li>\n\n\n\n<li>2x per jaar podotherapeutische controle, waarbij de uitkomst van het behandelplan wordt ge\u00ebvalueerd en eventueel bijgesteld<\/li>\n\n\n\n<li>Instrumentele behandeling t.b.v. voetverzorging 8x per jaar (1x 6\/7 weken)<\/li>\n\n\n\n<li>Tijdens podotherapeutische controle en\/of instrumentele behandeling zal indien nodig screening worden verricht&nbsp; op (nieuwe) risicofactoren. Ook aandacht voor educatie en stimuleren zelfmanagement om wondjes te voorkomen en risicofactoren verminderen<\/li>\n<\/ul>\n<\/li>\n\n\n\n<li class=\"has-black-color has-text-color has-link-color has-medium-font-size wp-elements-c5725bb602c2b24a29dd861954271679\">Doel:\n<ul class=\"wp-block-list\">\n<li>Vroege diagnostiek ter voorkoming van wonden<\/li>\n\n\n\n<li>Indicatiestelling preventieve voetzorg<\/li>\n\n\n\n<li>Juiste voetzorg ter voorkoming van wonden<\/li>\n\n\n\n<li>Podotherapeut stelt het behandelplan op en voert deze uit<\/li>\n\n\n\n<li>Voetzorg kan in nauw overleg worden gedelegeerd naar DV\/MP<\/li>\n\n\n\n<li>Screening wordt in overleg uitgevoerd<\/li>\n<\/ul>\n<\/li>\n<\/ul>\n\n\n\n<p><strong>Zorgprofiel 4<\/strong><\/p>\n\n\n\n<ul class=\"wp-block-list has-black-color has-text-color has-link-color has-medium-font-size wp-elements-329834171eea1005f9ac2056ad9f2d66\">\n<li>Wond in het verleden of doorgemaakte amputatie<\/li>\n\n\n\n<li>Bestaat uit:\n<ul class=\"wp-block-list\">\n<li>2x per jaar voetonderzoek bij podotherapeut, waarbij de oorzaak van risicofactoren wordt achterhaald en een behandelplan&nbsp; opgesteld<\/li>\n\n\n\n<li>Toepassen van podotherapeutische therapie of therapie\u00ebn<\/li>\n\n\n\n<li>2x per jaar podotherapeutische controle, waarbij de uitkomst van het behandelplan wordt ge\u00ebvalueerd en eventueel bijgesteld<\/li>\n\n\n\n<li>Instrumentele behandeling t.b.v. voetverzorging 12x per jaar (1x 4 weken)<\/li>\n\n\n\n<li>Tijdens podotherapeutische controle en\/of instrumentele behandeling zal indien nodig screening worden verricht&nbsp; op (nieuwe) risicofactoren, ook aandacht voor educatie en stimuleren zelfmanagement om wondjes te voorkomen en risicofactoren verminderen<\/li>\n<\/ul>\n<\/li>\n\n\n\n<li>Doel:\n<ul class=\"wp-block-list\">\n<li>Vroege diagnostiek ter voorkoming van wonden<\/li>\n\n\n\n<li>Indicatiestelling preventieve voetzorg<\/li>\n\n\n\n<li>Juiste voetzorg ter voorkoming van wonden<\/li>\n\n\n\n<li>Afhankelijk van de uitkomst van het podotherapeutisch onderzoek wordt in overleg met huisarts en revalidatiearts bepaald of&nbsp; behandeling van de pati\u00ebnt kan worden vervolgd in de eerste lijn. Specifieke medische en biomechanische kennis is namelijk nodig om de status en het functioneren van de voet goed te kunnen vaststellen.<\/li>\n<\/ul>\n<\/li>\n<\/ul>\n\n\n\n<figure class=\"wp-block-image aligncenter\"><img loading=\"lazy\" decoding=\"async\" width=\"668\" height=\"715\" src=\"https:\/\/schallenberg.nl\/cms2\/wp-content\/uploads\/sites\/2\/2016\/04\/simms2.jpg\" alt=\"Diabetes\" class=\"wp-image-620\" srcset=\"https:\/\/schallenberg.nl\/cms2\/wp-content\/uploads\/sites\/2\/2016\/04\/simms2.jpg 668w, https:\/\/schallenberg.nl\/cms2\/wp-content\/uploads\/sites\/2\/2016\/04\/simms2-280x300.jpg 280w\" sizes=\"auto, (max-width: 668px) 100vw, 668px\" \/><\/figure>\n","protected":false},"excerpt":{"rendered":"<p>Diabetes Mellitus en de voeten Wanneer bij diabetes de&nbsp;stofwisseling niet goed werkt door een te hoge bloedsuikerspiegel kunnen er complicaties optreden. De [&hellip;]<\/p>\n","protected":false},"author":1,"featured_media":0,"parent":40,"menu_order":2,"comment_status":"closed","ping_status":"closed","template":"page-templates\/page_fullwidth.php","meta":{"ngg_post_thumbnail":0,"footnotes":""},"class_list":["post-46","page","type-page","status-publish","hentry"],"yoast_head":"<!-- This site is optimized with the Yoast SEO plugin v27.5 - https:\/\/yoast.com\/product\/yoast-seo-wordpress\/ -->\n<title>Diabetes | Wondjes Infecties Zenuwen Spieren Vormverandering Eelt<\/title>\n<meta name=\"description\" content=\"Wanneer onze stofwisseling niet goed werkt door een te hoge bloedsuikerspiegel kunnen er complicaties optreden. Voeten zijn gevoelig voor diabetes.\" \/>\n<meta name=\"robots\" content=\"index, follow, max-snippet:-1, max-image-preview:large, max-video-preview:-1\" \/>\n<link rel=\"canonical\" href=\"https:\/\/schallenberg.nl\/cms2\/homepage\/pedicure\/diabetes\/\" \/>\n<meta property=\"og:locale\" content=\"nl_NL\" \/>\n<meta property=\"og:type\" content=\"article\" \/>\n<meta property=\"og:title\" content=\"Diabetes | Wondjes Infecties Zenuwen Spieren Vormverandering Eelt\" \/>\n<meta property=\"og:description\" content=\"Wanneer onze stofwisseling niet goed werkt door een te hoge bloedsuikerspiegel kunnen er complicaties optreden. Voeten zijn gevoelig voor diabetes.\" \/>\n<meta property=\"og:url\" content=\"https:\/\/schallenberg.nl\/cms2\/homepage\/pedicure\/diabetes\/\" \/>\n<meta property=\"og:site_name\" content=\"Marianne Minkenberg\" \/>\n<meta property=\"article:modified_time\" content=\"2026-04-05T16:54:57+00:00\" \/>\n<meta property=\"og:image\" content=\"https:\/\/schallenberg.nl\/cms2\/wp-content\/uploads\/sites\/2\/2016\/04\/simms.jpg\" \/>\n\t<meta property=\"og:image:width\" content=\"300\" \/>\n\t<meta property=\"og:image:height\" content=\"196\" \/>\n\t<meta property=\"og:image:type\" content=\"image\/jpeg\" \/>\n<meta name=\"twitter:card\" content=\"summary_large_image\" \/>\n<meta name=\"twitter:label1\" content=\"Geschatte leestijd\" \/>\n\t<meta name=\"twitter:data1\" content=\"6 minuten\" \/>\n<script type=\"application\/ld+json\" class=\"yoast-schema-graph\">{\"@context\":\"https:\\\/\\\/schema.org\",\"@graph\":[{\"@type\":\"WebPage\",\"@id\":\"https:\\\/\\\/schallenberg.nl\\\/cms2\\\/homepage\\\/pedicure\\\/diabetes\\\/\",\"url\":\"https:\\\/\\\/schallenberg.nl\\\/cms2\\\/homepage\\\/pedicure\\\/diabetes\\\/\",\"name\":\"Diabetes | Wondjes Infecties Zenuwen Spieren Vormverandering Eelt\",\"isPartOf\":{\"@id\":\"https:\\\/\\\/schallenberg.nl\\\/cms2\\\/#website\"},\"primaryImageOfPage\":{\"@id\":\"https:\\\/\\\/schallenberg.nl\\\/cms2\\\/homepage\\\/pedicure\\\/diabetes\\\/#primaryimage\"},\"image\":{\"@id\":\"https:\\\/\\\/schallenberg.nl\\\/cms2\\\/homepage\\\/pedicure\\\/diabetes\\\/#primaryimage\"},\"thumbnailUrl\":\"https:\\\/\\\/schallenberg.nl\\\/cms2\\\/wp-content\\\/uploads\\\/sites\\\/2\\\/2016\\\/04\\\/simms.jpg\",\"datePublished\":\"2016-04-04T06:39:01+00:00\",\"dateModified\":\"2026-04-05T16:54:57+00:00\",\"description\":\"Wanneer onze stofwisseling niet goed werkt door een te hoge bloedsuikerspiegel kunnen er complicaties optreden. Voeten zijn gevoelig voor diabetes.\",\"breadcrumb\":{\"@id\":\"https:\\\/\\\/schallenberg.nl\\\/cms2\\\/homepage\\\/pedicure\\\/diabetes\\\/#breadcrumb\"},\"inLanguage\":\"nl-NL\",\"potentialAction\":[{\"@type\":\"ReadAction\",\"target\":[\"https:\\\/\\\/schallenberg.nl\\\/cms2\\\/homepage\\\/pedicure\\\/diabetes\\\/\"]}]},{\"@type\":\"ImageObject\",\"inLanguage\":\"nl-NL\",\"@id\":\"https:\\\/\\\/schallenberg.nl\\\/cms2\\\/homepage\\\/pedicure\\\/diabetes\\\/#primaryimage\",\"url\":\"https:\\\/\\\/schallenberg.nl\\\/cms2\\\/wp-content\\\/uploads\\\/sites\\\/2\\\/2016\\\/04\\\/simms.jpg\",\"contentUrl\":\"https:\\\/\\\/schallenberg.nl\\\/cms2\\\/wp-content\\\/uploads\\\/sites\\\/2\\\/2016\\\/04\\\/simms.jpg\",\"width\":300,\"height\":196},{\"@type\":\"BreadcrumbList\",\"@id\":\"https:\\\/\\\/schallenberg.nl\\\/cms2\\\/homepage\\\/pedicure\\\/diabetes\\\/#breadcrumb\",\"itemListElement\":[{\"@type\":\"ListItem\",\"position\":1,\"name\":\"Home\",\"item\":\"https:\\\/\\\/schallenberg.nl\\\/cms2\\\/\"},{\"@type\":\"ListItem\",\"position\":2,\"name\":\"Homepage\",\"item\":\"https:\\\/\\\/schallenberg.nl\\\/cms2\\\/\"},{\"@type\":\"ListItem\",\"position\":3,\"name\":\"Pedicure\",\"item\":\"https:\\\/\\\/schallenberg.nl\\\/cms2\\\/homepage\\\/pedicure\\\/\"},{\"@type\":\"ListItem\",\"position\":4,\"name\":\"Diabetes\"}]},{\"@type\":\"WebSite\",\"@id\":\"https:\\\/\\\/schallenberg.nl\\\/cms2\\\/#website\",\"url\":\"https:\\\/\\\/schallenberg.nl\\\/cms2\\\/\",\"name\":\"Marianne Minkenberg\",\"description\":\"Pedicure\",\"potentialAction\":[{\"@type\":\"SearchAction\",\"target\":{\"@type\":\"EntryPoint\",\"urlTemplate\":\"https:\\\/\\\/schallenberg.nl\\\/cms2\\\/?s={search_term_string}\"},\"query-input\":{\"@type\":\"PropertyValueSpecification\",\"valueRequired\":true,\"valueName\":\"search_term_string\"}}],\"inLanguage\":\"nl-NL\"}]}<\/script>\n<!-- \/ Yoast SEO plugin. -->","yoast_head_json":{"title":"Diabetes | Wondjes Infecties Zenuwen Spieren Vormverandering Eelt","description":"Wanneer onze stofwisseling niet goed werkt door een te hoge bloedsuikerspiegel kunnen er complicaties optreden. Voeten zijn gevoelig voor diabetes.","robots":{"index":"index","follow":"follow","max-snippet":"max-snippet:-1","max-image-preview":"max-image-preview:large","max-video-preview":"max-video-preview:-1"},"canonical":"https:\/\/schallenberg.nl\/cms2\/homepage\/pedicure\/diabetes\/","og_locale":"nl_NL","og_type":"article","og_title":"Diabetes | Wondjes Infecties Zenuwen Spieren Vormverandering Eelt","og_description":"Wanneer onze stofwisseling niet goed werkt door een te hoge bloedsuikerspiegel kunnen er complicaties optreden. Voeten zijn gevoelig voor diabetes.","og_url":"https:\/\/schallenberg.nl\/cms2\/homepage\/pedicure\/diabetes\/","og_site_name":"Marianne Minkenberg","article_modified_time":"2026-04-05T16:54:57+00:00","og_image":[{"width":300,"height":196,"url":"https:\/\/schallenberg.nl\/cms2\/wp-content\/uploads\/sites\/2\/2016\/04\/simms.jpg","type":"image\/jpeg"}],"twitter_card":"summary_large_image","twitter_misc":{"Geschatte leestijd":"6 minuten"},"schema":{"@context":"https:\/\/schema.org","@graph":[{"@type":"WebPage","@id":"https:\/\/schallenberg.nl\/cms2\/homepage\/pedicure\/diabetes\/","url":"https:\/\/schallenberg.nl\/cms2\/homepage\/pedicure\/diabetes\/","name":"Diabetes | Wondjes Infecties Zenuwen Spieren Vormverandering Eelt","isPartOf":{"@id":"https:\/\/schallenberg.nl\/cms2\/#website"},"primaryImageOfPage":{"@id":"https:\/\/schallenberg.nl\/cms2\/homepage\/pedicure\/diabetes\/#primaryimage"},"image":{"@id":"https:\/\/schallenberg.nl\/cms2\/homepage\/pedicure\/diabetes\/#primaryimage"},"thumbnailUrl":"https:\/\/schallenberg.nl\/cms2\/wp-content\/uploads\/sites\/2\/2016\/04\/simms.jpg","datePublished":"2016-04-04T06:39:01+00:00","dateModified":"2026-04-05T16:54:57+00:00","description":"Wanneer onze stofwisseling niet goed werkt door een te hoge bloedsuikerspiegel kunnen er complicaties optreden. Voeten zijn gevoelig voor diabetes.","breadcrumb":{"@id":"https:\/\/schallenberg.nl\/cms2\/homepage\/pedicure\/diabetes\/#breadcrumb"},"inLanguage":"nl-NL","potentialAction":[{"@type":"ReadAction","target":["https:\/\/schallenberg.nl\/cms2\/homepage\/pedicure\/diabetes\/"]}]},{"@type":"ImageObject","inLanguage":"nl-NL","@id":"https:\/\/schallenberg.nl\/cms2\/homepage\/pedicure\/diabetes\/#primaryimage","url":"https:\/\/schallenberg.nl\/cms2\/wp-content\/uploads\/sites\/2\/2016\/04\/simms.jpg","contentUrl":"https:\/\/schallenberg.nl\/cms2\/wp-content\/uploads\/sites\/2\/2016\/04\/simms.jpg","width":300,"height":196},{"@type":"BreadcrumbList","@id":"https:\/\/schallenberg.nl\/cms2\/homepage\/pedicure\/diabetes\/#breadcrumb","itemListElement":[{"@type":"ListItem","position":1,"name":"Home","item":"https:\/\/schallenberg.nl\/cms2\/"},{"@type":"ListItem","position":2,"name":"Homepage","item":"https:\/\/schallenberg.nl\/cms2\/"},{"@type":"ListItem","position":3,"name":"Pedicure","item":"https:\/\/schallenberg.nl\/cms2\/homepage\/pedicure\/"},{"@type":"ListItem","position":4,"name":"Diabetes"}]},{"@type":"WebSite","@id":"https:\/\/schallenberg.nl\/cms2\/#website","url":"https:\/\/schallenberg.nl\/cms2\/","name":"Marianne Minkenberg","description":"Pedicure","potentialAction":[{"@type":"SearchAction","target":{"@type":"EntryPoint","urlTemplate":"https:\/\/schallenberg.nl\/cms2\/?s={search_term_string}"},"query-input":{"@type":"PropertyValueSpecification","valueRequired":true,"valueName":"search_term_string"}}],"inLanguage":"nl-NL"}]}},"_links":{"self":[{"href":"https:\/\/schallenberg.nl\/cms2\/wp-json\/wp\/v2\/pages\/46","targetHints":{"allow":["GET"]}}],"collection":[{"href":"https:\/\/schallenberg.nl\/cms2\/wp-json\/wp\/v2\/pages"}],"about":[{"href":"https:\/\/schallenberg.nl\/cms2\/wp-json\/wp\/v2\/types\/page"}],"author":[{"embeddable":true,"href":"https:\/\/schallenberg.nl\/cms2\/wp-json\/wp\/v2\/users\/1"}],"replies":[{"embeddable":true,"href":"https:\/\/schallenberg.nl\/cms2\/wp-json\/wp\/v2\/comments?post=46"}],"version-history":[{"count":5,"href":"https:\/\/schallenberg.nl\/cms2\/wp-json\/wp\/v2\/pages\/46\/revisions"}],"predecessor-version":[{"id":1403,"href":"https:\/\/schallenberg.nl\/cms2\/wp-json\/wp\/v2\/pages\/46\/revisions\/1403"}],"up":[{"embeddable":true,"href":"https:\/\/schallenberg.nl\/cms2\/wp-json\/wp\/v2\/pages\/40"}],"wp:attachment":[{"href":"https:\/\/schallenberg.nl\/cms2\/wp-json\/wp\/v2\/media?parent=46"}],"curies":[{"name":"wp","href":"https:\/\/api.w.org\/{rel}","templated":true}]}}